{"id":229,"date":"2025-12-02T22:56:48","date_gmt":"2025-12-02T22:56:48","guid":{"rendered":"https:\/\/dogtorweb.cl\/?post_type=product&#038;p=229"},"modified":"2025-12-02T23:11:42","modified_gmt":"2025-12-02T23:11:42","slug":"acana-singles-pork-squash-alimento-para-perro-10-2-kg","status":"publish","type":"product","link":"https:\/\/dogtorweb.cl\/index.php\/producto\/acana-singles-pork-squash-alimento-para-perro-10-2-kg\/","title":{"rendered":"Acana Singles Pork &#038; Squash alimento para perro 10.2 kg"},"content":{"rendered":"<p><strong>Pork &amp; Squash<\/strong><strong>\u2122\u00a0<\/strong><strong>Single Formula de ACANA\u00ae Es un alimento completo para perros con alg\u00fan tipo de sensibilidad alimentaria, est\u00e1 hecho con un 50% de carne de cerdo Yorkshire como \u00fanica fuente de prote\u00edna animal y 50% de frutas, verduras y extracgtos vegetales y no contiene cereales.<\/strong><\/p>\n","protected":false},"excerpt":{"rendered":"<p>Pork &amp; Squash\u2122\u00a0Single Formula de ACANA\u00ae Es un alimento completo para perros con alg\u00fan tipo de sensibilidad alimentaria, est\u00e1 hecho con un 50% de carne de cerdo Yorkshire como \u00fanica fuente de prote\u00edna animal y 50% de frutas, verduras y extracgtos vegetales y no contiene cereales.<\/p>\n","protected":false},"featured_media":230,"comment_status":"open","ping_status":"closed","template":"","meta":{"_kad_post_transparent":"","_kad_post_title":"","_kad_post_layout":"","_kad_post_sidebar_id":"","_kad_post_content_style":"","_kad_post_vertical_padding":"","_kad_post_feature":"","_kad_post_feature_position":"","_kad_post_header":false,"_kad_post_footer":false,"_kad_post_classname":""},"product_brand":[34],"product_cat":[25,30,22],"product_tag":[],"class_list":{"0":"post-229","1":"product","2":"type-product","3":"status-publish","4":"has-post-thumbnail","6":"product_brand-acana","7":"product_cat-alimentos","8":"product_cat-alimentos-secos","9":"product_cat-perro","11":"first","12":"instock","13":"shipping-taxable","14":"product-type-variable","15":"entry","16":"content-bg","17":"loop-entry"},"jetpack_sharing_enabled":true,"_links":{"self":[{"href":"https:\/\/dogtorweb.cl\/index.php\/wp-json\/wp\/v2\/product\/229","targetHints":{"allow":["GET"]}}],"collection":[{"href":"https:\/\/dogtorweb.cl\/index.php\/wp-json\/wp\/v2\/product"}],"about":[{"href":"https:\/\/dogtorweb.cl\/index.php\/wp-json\/wp\/v2\/types\/product"}],"replies":[{"embeddable":true,"href":"https:\/\/dogtorweb.cl\/index.php\/wp-json\/wp\/v2\/comments?post=229"}],"wp:featuredmedia":[{"embeddable":true,"href":"https:\/\/dogtorweb.cl\/index.php\/wp-json\/wp\/v2\/media\/230"}],"wp:attachment":[{"href":"https:\/\/dogtorweb.cl\/index.php\/wp-json\/wp\/v2\/media?parent=229"}],"wp:term":[{"taxonomy":"product_brand","embeddable":true,"href":"https:\/\/dogtorweb.cl\/index.php\/wp-json\/wp\/v2\/product_brand?post=229"},{"taxonomy":"product_cat","embeddable":true,"href":"https:\/\/dogtorweb.cl\/index.php\/wp-json\/wp\/v2\/product_cat?post=229"},{"taxonomy":"product_tag","embeddable":true,"href":"https:\/\/dogtorweb.cl\/index.php\/wp-json\/wp\/v2\/product_tag?post=229"}],"curies":[{"name":"wp","href":"https:\/\/api.w.org\/{rel}","templated":true}]}}