{"id":218,"date":"2025-12-02T22:26:28","date_gmt":"2025-12-02T22:26:28","guid":{"rendered":"https:\/\/dogtorweb.cl\/?post_type=product&#038;p=218"},"modified":"2025-12-02T22:26:28","modified_gmt":"2025-12-02T22:26:28","slug":"royal-canin-alimento-perro-adulto-hepatic-10-kg","status":"publish","type":"product","link":"https:\/\/dogtorweb.cl\/index.php\/producto\/royal-canin-alimento-perro-adulto-hepatic-10-kg\/","title":{"rendered":"Royal Canin Alimento Perro Adulto Hepatic 10 KG"},"content":{"rendered":"<p>Royal Canin Hepatic es un alimento completo diet\u00e9tico para perros para el apoyo de la funci\u00f3n hep\u00e1tica en caso de insuficiencia hep\u00e1tica cr\u00f3nica y para la reducci\u00f3n del cobre en el h\u00edgado. Contiene un nivel moderado de prote\u00ednas de alta calidad, un alto nivel de \u00e1cidos grasos esenciales, un alto nivel de carbohidratos de alta digestibilidad y un bajo nivel de cobre.<\/p>\n","protected":false},"excerpt":{"rendered":"<p>Royal Canin Hepatic es un alimento completo diet\u00e9tico para perros para el apoyo de la funci\u00f3n hep\u00e1tica en caso de insuficiencia hep\u00e1tica cr\u00f3nica y para la reducci\u00f3n del cobre en el h\u00edgado. Contiene un nivel moderado de prote\u00ednas de alta calidad, un alto nivel de \u00e1cidos grasos esenciales, un alto nivel de carbohidratos de alta&#8230;<\/p>\n","protected":false},"featured_media":219,"comment_status":"open","ping_status":"closed","template":"","meta":{"_kad_post_transparent":"","_kad_post_title":"","_kad_post_layout":"","_kad_post_sidebar_id":"","_kad_post_content_style":"","_kad_post_vertical_padding":"","_kad_post_feature":"","_kad_post_feature_position":"","_kad_post_header":false,"_kad_post_footer":false,"_kad_post_classname":""},"product_brand":[32],"product_cat":[25,30,22],"product_tag":[],"class_list":{"0":"post-218","1":"product","2":"type-product","3":"status-publish","4":"has-post-thumbnail","6":"product_brand-royal-canin","7":"product_cat-alimentos","8":"product_cat-alimentos-secos","9":"product_cat-perro","11":"first","12":"instock","13":"shipping-taxable","14":"purchasable","15":"product-type-simple","16":"entry","17":"content-bg","18":"loop-entry"},"jetpack_sharing_enabled":true,"_links":{"self":[{"href":"https:\/\/dogtorweb.cl\/index.php\/wp-json\/wp\/v2\/product\/218","targetHints":{"allow":["GET"]}}],"collection":[{"href":"https:\/\/dogtorweb.cl\/index.php\/wp-json\/wp\/v2\/product"}],"about":[{"href":"https:\/\/dogtorweb.cl\/index.php\/wp-json\/wp\/v2\/types\/product"}],"replies":[{"embeddable":true,"href":"https:\/\/dogtorweb.cl\/index.php\/wp-json\/wp\/v2\/comments?post=218"}],"wp:featuredmedia":[{"embeddable":true,"href":"https:\/\/dogtorweb.cl\/index.php\/wp-json\/wp\/v2\/media\/219"}],"wp:attachment":[{"href":"https:\/\/dogtorweb.cl\/index.php\/wp-json\/wp\/v2\/media?parent=218"}],"wp:term":[{"taxonomy":"product_brand","embeddable":true,"href":"https:\/\/dogtorweb.cl\/index.php\/wp-json\/wp\/v2\/product_brand?post=218"},{"taxonomy":"product_cat","embeddable":true,"href":"https:\/\/dogtorweb.cl\/index.php\/wp-json\/wp\/v2\/product_cat?post=218"},{"taxonomy":"product_tag","embeddable":true,"href":"https:\/\/dogtorweb.cl\/index.php\/wp-json\/wp\/v2\/product_tag?post=218"}],"curies":[{"name":"wp","href":"https:\/\/api.w.org\/{rel}","templated":true}]}}